{"id":563,"date":"2025-05-05T11:42:56","date_gmt":"2025-05-05T09:42:56","guid":{"rendered":"https:\/\/campingletrevezel.com\/?page_id=563"},"modified":"2025-05-05T13:58:47","modified_gmt":"2025-05-05T11:58:47","slug":"reservation","status":"publish","type":"page","link":"https:\/\/campingletrevezel.com\/index.php\/reservation\/","title":{"rendered":"R\u00e9servation"},"content":{"rendered":"\n<p><\/p>\n\n\n\n<p>Vous souhaitez r\u00e9server un h\u00e9bergement dans notre camping?<\/p>\n\n\n\n<p>Rien de plus simple, il vous suffit de remplir le formulaire ci-dessous et nous reviendrons vers vous rapidement pour vous confirmer votre r\u00e9servation.<\/p>\n\n\n\n<div style=\"height:15px\" aria-hidden=\"true\" class=\"wp-block-spacer\"><\/div>\n\n\n\n<hr class=\"wp-block-separator has-alpha-channel-opacity\"\/>\n\n\n\n<div style=\"height:20px\" aria-hidden=\"true\" class=\"wp-block-spacer\"><\/div>\n\n\n\n<div class=\"wp-block-contact-form-7-contact-form-selector\">\n<div class=\"wpcf7 no-js\" id=\"wpcf7-f565-o1\" lang=\"en-US\" dir=\"ltr\" data-wpcf7-id=\"565\">\n<div class=\"screen-reader-response\"><p role=\"status\" aria-live=\"polite\" aria-atomic=\"true\"><\/p> <ul><\/ul><\/div>\n<form action=\"\/index.php\/wp-json\/wp\/v2\/pages\/563#wpcf7-f565-o1\" method=\"post\" class=\"wpcf7-form init\" aria-label=\"Contact form\" novalidate=\"novalidate\" data-status=\"init\">\n<fieldset class=\"hidden-fields-container\"><input type=\"hidden\" name=\"_wpcf7\" value=\"565\" \/><input type=\"hidden\" name=\"_wpcf7_version\" value=\"6.1.5\" \/><input type=\"hidden\" name=\"_wpcf7_locale\" value=\"en_US\" \/><input type=\"hidden\" name=\"_wpcf7_unit_tag\" value=\"wpcf7-f565-o1\" \/><input type=\"hidden\" name=\"_wpcf7_container_post\" value=\"0\" \/><input type=\"hidden\" name=\"_wpcf7_posted_data_hash\" value=\"\" \/>\n<\/fieldset>\n<div class=\"row col-12\">\n\t<div class=\"col-xl-6 col-lg-6 col-md-6 col-sm-12 col-12\">\n\t\t<p>Nom et pr\u00e9nom: <span class=\"wpcf7-form-control-wrap\" data-name=\"your-name\"><input size=\"40\" maxlength=\"400\" class=\"wpcf7-form-control wpcf7-text wpcf7-validates-as-required\" aria-required=\"true\" aria-invalid=\"false\" placeholder=\"Nom\" value=\"\" type=\"text\" name=\"your-name\" \/><\/span>\n\t\t<\/p>\n\t\t<p>Courriel: <span class=\"wpcf7-form-control-wrap\" data-name=\"your-email\"><input size=\"40\" maxlength=\"400\" class=\"wpcf7-form-control wpcf7-email wpcf7-validates-as-required wpcf7-text wpcf7-validates-as-email\" aria-required=\"true\" aria-invalid=\"false\" placeholder=\"Courriel\" value=\"\" type=\"email\" name=\"your-email\" \/><\/span>\n\t\t<\/p>\n\t\t<p>T\u00e9l\u00e9phone: <span class=\"wpcf7-form-control-wrap\" data-name=\"tel-94\"><input size=\"40\" maxlength=\"400\" class=\"wpcf7-form-control wpcf7-tel wpcf7-validates-as-required wpcf7-text wpcf7-validates-as-tel\" aria-required=\"true\" aria-invalid=\"false\" placeholder=\"\" value=\"\" type=\"tel\" name=\"tel-94\" \/><\/span>\n\t\t<\/p>\n\t\t<p>Arriv\u00e9e: <span class=\"wpcf7-form-control-wrap\" data-name=\"date-682\"><input class=\"wpcf7-form-control wpcf7-date wpcf7-validates-as-required wpcf7-validates-as-date\" aria-required=\"true\" aria-invalid=\"false\" value=\"\" type=\"date\" name=\"date-682\" \/><\/span> D\u00e9part: <span class=\"wpcf7-form-control-wrap\" data-name=\"date-573\"><input class=\"wpcf7-form-control wpcf7-date wpcf7-validates-as-required wpcf7-validates-as-date\" aria-required=\"true\" aria-invalid=\"false\" value=\"\" type=\"date\" name=\"date-573\" \/><\/span>\n\t\t<\/p>\n\t\t<p>Type d'h\u00e9bergement: <span class=\"wpcf7-form-control-wrap\" data-name=\"select-77\"><select class=\"wpcf7-form-control wpcf7-select wpcf7-validates-as-required\" aria-required=\"true\" aria-invalid=\"false\" name=\"select-77\"><option value=\"Emplacement libre\">Emplacement libre<\/option><option value=\"Glamping\">Glamping<\/option><option value=\"Mobil-home\">Mobil-home<\/option><\/select><\/span>\n\t\t<\/p>\n\t\t<p>Nombre de personnes: <span class=\"wpcf7-form-control-wrap\" data-name=\"number-882\"><input class=\"wpcf7-form-control wpcf7-number wpcf7-validates-as-required wpcf7-validates-as-number\" min=\"1\" max=\"100\" aria-required=\"true\" aria-invalid=\"false\" value=\"\" type=\"number\" name=\"number-882\" \/><\/span>\n\t\t<\/p>\n\t<\/div>\n\t<div class=\"ccol-xl-6 col-lg-6 col-md-6 col-sm-12 col-12\">\n\t\t<p><span class=\"wpcf7-form-control-wrap\" data-name=\"your-message\"><textarea cols=\"40\" rows=\"10\" maxlength=\"2000\" class=\"wpcf7-form-control wpcf7-textarea wpcf7-validates-as-required\" aria-required=\"true\" aria-invalid=\"false\" placeholder=\"Informations compl\u00e9mentaires\" name=\"your-message\"><\/textarea><\/span>\n\t\t<\/p>\n\t<\/div>\n\t<div class=\"col-xl-12 col-lg-12 col-md-12 col-sm-12 col-12 text-center m-0 m-auto\">\n\t\t<p><input class=\"wpcf7-form-control wpcf7-submit has-spinner\" type=\"submit\" value=\"Envoyer\" \/>\n\t\t<\/p>\n\t<\/div>\n<\/div><div class=\"wpcf7-response-output\" aria-hidden=\"true\"><\/div>\n<\/form>\n<\/div>\n<\/div>\n\n\n\n<p><\/p>\n","protected":false},"excerpt":{"rendered":"<p>Vous souhaitez r\u00e9server un h\u00e9bergement dans notre camping? Rien de plus simple, il vous suffit de remplir le formulaire ci-dessous et nous reviendrons vers vous rapidement pour vous confirmer votre r\u00e9servation.<\/p>\n","protected":false},"author":1,"featured_media":0,"parent":0,"menu_order":0,"comment_status":"closed","ping_status":"closed","template":"","meta":{"_regular_price":[],"currency_symbol":[],"footnotes":""},"class_list":["post-563","page","type-page","status-publish","hentry"],"post_slider_layout_featured_media_urls":{"thumbnail":"","post_slider_layout_landscape_large":"","post_slider_layout_portrait_large":"","post_slider_layout_square_large":"","post_slider_layout_landscape":"","post_slider_layout_portrait":"","post_slider_layout_square":"","full":""},"yoast_head":"<!-- This site is optimized with the Yoast SEO plugin v27.3 - https:\/\/yoast.com\/product\/yoast-seo-wordpress\/ -->\n<title>R\u00e9servation -<\/title>\n<meta name=\"robots\" content=\"index, follow, max-snippet:-1, max-image-preview:large, max-video-preview:-1\" \/>\n<link rel=\"canonical\" href=\"https:\/\/campingletrevezel.com\/index.php\/reservation\/\" \/>\n<meta property=\"og:locale\" content=\"fr_FR\" \/>\n<meta property=\"og:type\" content=\"article\" \/>\n<meta property=\"og:title\" content=\"R\u00e9servation -\" \/>\n<meta property=\"og:description\" content=\"Vous souhaitez r\u00e9server un h\u00e9bergement dans notre camping? Rien de plus simple, il vous suffit de remplir le formulaire ci-dessous et nous reviendrons vers vous rapidement pour vous confirmer votre r\u00e9servation.\" \/>\n<meta property=\"og:url\" content=\"https:\/\/campingletrevezel.com\/index.php\/reservation\/\" \/>\n<meta property=\"article:publisher\" content=\"https:\/\/www.facebook.com\/CampingLeTrevezel\/\" \/>\n<meta property=\"article:modified_time\" content=\"2025-05-05T11:58:47+00:00\" \/>\n<meta name=\"twitter:card\" content=\"summary_large_image\" \/>\n<meta name=\"twitter:label1\" content=\"Dur\u00e9e de lecture estim\u00e9e\" \/>\n\t<meta name=\"twitter:data1\" content=\"1 minute\" \/>\n<script type=\"application\/ld+json\" class=\"yoast-schema-graph\">{\"@context\":\"https:\\\/\\\/schema.org\",\"@graph\":[{\"@type\":\"WebPage\",\"@id\":\"https:\\\/\\\/campingletrevezel.com\\\/index.php\\\/reservation\\\/\",\"url\":\"https:\\\/\\\/campingletrevezel.com\\\/index.php\\\/reservation\\\/\",\"name\":\"R\u00e9servation -\",\"isPartOf\":{\"@id\":\"https:\\\/\\\/campingletrevezel.com\\\/#website\"},\"datePublished\":\"2025-05-05T09:42:56+00:00\",\"dateModified\":\"2025-05-05T11:58:47+00:00\",\"breadcrumb\":{\"@id\":\"https:\\\/\\\/campingletrevezel.com\\\/index.php\\\/reservation\\\/#breadcrumb\"},\"inLanguage\":\"fr-FR\",\"potentialAction\":[{\"@type\":\"ReadAction\",\"target\":[\"https:\\\/\\\/campingletrevezel.com\\\/index.php\\\/reservation\\\/\"]}]},{\"@type\":\"BreadcrumbList\",\"@id\":\"https:\\\/\\\/campingletrevezel.com\\\/index.php\\\/reservation\\\/#breadcrumb\",\"itemListElement\":[{\"@type\":\"ListItem\",\"position\":1,\"name\":\"Accueil\",\"item\":\"https:\\\/\\\/campingletrevezel.com\\\/\"},{\"@type\":\"ListItem\",\"position\":2,\"name\":\"R\u00e9servation\"}]},{\"@type\":\"WebSite\",\"@id\":\"https:\\\/\\\/campingletrevezel.com\\\/#website\",\"url\":\"https:\\\/\\\/campingletrevezel.com\\\/\",\"name\":\"Camping le Tr\u00e8vezel\",\"description\":\"\",\"publisher\":{\"@id\":\"https:\\\/\\\/campingletrevezel.com\\\/#organization\"},\"potentialAction\":[{\"@type\":\"SearchAction\",\"target\":{\"@type\":\"EntryPoint\",\"urlTemplate\":\"https:\\\/\\\/campingletrevezel.com\\\/?s={search_term_string}\"},\"query-input\":{\"@type\":\"PropertyValueSpecification\",\"valueRequired\":true,\"valueName\":\"search_term_string\"}}],\"inLanguage\":\"fr-FR\"},{\"@type\":\"Organization\",\"@id\":\"https:\\\/\\\/campingletrevezel.com\\\/#organization\",\"name\":\"Camping le Tr\u00e8vezel\",\"url\":\"https:\\\/\\\/campingletrevezel.com\\\/\",\"logo\":{\"@type\":\"ImageObject\",\"inLanguage\":\"fr-FR\",\"@id\":\"https:\\\/\\\/campingletrevezel.com\\\/#\\\/schema\\\/logo\\\/image\\\/\",\"url\":\"https:\\\/\\\/campingletrevezel.com\\\/wp-content\\\/uploads\\\/2025\\\/03\\\/cropped-Logo-camping-le-trevezel2.png\",\"contentUrl\":\"https:\\\/\\\/campingletrevezel.com\\\/wp-content\\\/uploads\\\/2025\\\/03\\\/cropped-Logo-camping-le-trevezel2.png\",\"width\":240,\"height\":61,\"caption\":\"Camping le Tr\u00e8vezel\"},\"image\":{\"@id\":\"https:\\\/\\\/campingletrevezel.com\\\/#\\\/schema\\\/logo\\\/image\\\/\"},\"sameAs\":[\"https:\\\/\\\/www.facebook.com\\\/CampingLeTrevezel\\\/\"]}]}<\/script>\n<!-- \/ Yoast SEO plugin. -->","yoast_head_json":{"title":"R\u00e9servation -","robots":{"index":"index","follow":"follow","max-snippet":"max-snippet:-1","max-image-preview":"max-image-preview:large","max-video-preview":"max-video-preview:-1"},"canonical":"https:\/\/campingletrevezel.com\/index.php\/reservation\/","og_locale":"fr_FR","og_type":"article","og_title":"R\u00e9servation -","og_description":"Vous souhaitez r\u00e9server un h\u00e9bergement dans notre camping? Rien de plus simple, il vous suffit de remplir le formulaire ci-dessous et nous reviendrons vers vous rapidement pour vous confirmer votre r\u00e9servation.","og_url":"https:\/\/campingletrevezel.com\/index.php\/reservation\/","article_publisher":"https:\/\/www.facebook.com\/CampingLeTrevezel\/","article_modified_time":"2025-05-05T11:58:47+00:00","twitter_card":"summary_large_image","twitter_misc":{"Dur\u00e9e de lecture estim\u00e9e":"1 minute"},"schema":{"@context":"https:\/\/schema.org","@graph":[{"@type":"WebPage","@id":"https:\/\/campingletrevezel.com\/index.php\/reservation\/","url":"https:\/\/campingletrevezel.com\/index.php\/reservation\/","name":"R\u00e9servation -","isPartOf":{"@id":"https:\/\/campingletrevezel.com\/#website"},"datePublished":"2025-05-05T09:42:56+00:00","dateModified":"2025-05-05T11:58:47+00:00","breadcrumb":{"@id":"https:\/\/campingletrevezel.com\/index.php\/reservation\/#breadcrumb"},"inLanguage":"fr-FR","potentialAction":[{"@type":"ReadAction","target":["https:\/\/campingletrevezel.com\/index.php\/reservation\/"]}]},{"@type":"BreadcrumbList","@id":"https:\/\/campingletrevezel.com\/index.php\/reservation\/#breadcrumb","itemListElement":[{"@type":"ListItem","position":1,"name":"Accueil","item":"https:\/\/campingletrevezel.com\/"},{"@type":"ListItem","position":2,"name":"R\u00e9servation"}]},{"@type":"WebSite","@id":"https:\/\/campingletrevezel.com\/#website","url":"https:\/\/campingletrevezel.com\/","name":"Camping le Tr\u00e8vezel","description":"","publisher":{"@id":"https:\/\/campingletrevezel.com\/#organization"},"potentialAction":[{"@type":"SearchAction","target":{"@type":"EntryPoint","urlTemplate":"https:\/\/campingletrevezel.com\/?s={search_term_string}"},"query-input":{"@type":"PropertyValueSpecification","valueRequired":true,"valueName":"search_term_string"}}],"inLanguage":"fr-FR"},{"@type":"Organization","@id":"https:\/\/campingletrevezel.com\/#organization","name":"Camping le Tr\u00e8vezel","url":"https:\/\/campingletrevezel.com\/","logo":{"@type":"ImageObject","inLanguage":"fr-FR","@id":"https:\/\/campingletrevezel.com\/#\/schema\/logo\/image\/","url":"https:\/\/campingletrevezel.com\/wp-content\/uploads\/2025\/03\/cropped-Logo-camping-le-trevezel2.png","contentUrl":"https:\/\/campingletrevezel.com\/wp-content\/uploads\/2025\/03\/cropped-Logo-camping-le-trevezel2.png","width":240,"height":61,"caption":"Camping le Tr\u00e8vezel"},"image":{"@id":"https:\/\/campingletrevezel.com\/#\/schema\/logo\/image\/"},"sameAs":["https:\/\/www.facebook.com\/CampingLeTrevezel\/"]}]}},"_links":{"self":[{"href":"https:\/\/campingletrevezel.com\/index.php\/wp-json\/wp\/v2\/pages\/563","targetHints":{"allow":["GET"]}}],"collection":[{"href":"https:\/\/campingletrevezel.com\/index.php\/wp-json\/wp\/v2\/pages"}],"about":[{"href":"https:\/\/campingletrevezel.com\/index.php\/wp-json\/wp\/v2\/types\/page"}],"author":[{"embeddable":true,"href":"https:\/\/campingletrevezel.com\/index.php\/wp-json\/wp\/v2\/users\/1"}],"replies":[{"embeddable":true,"href":"https:\/\/campingletrevezel.com\/index.php\/wp-json\/wp\/v2\/comments?post=563"}],"version-history":[{"count":10,"href":"https:\/\/campingletrevezel.com\/index.php\/wp-json\/wp\/v2\/pages\/563\/revisions"}],"predecessor-version":[{"id":579,"href":"https:\/\/campingletrevezel.com\/index.php\/wp-json\/wp\/v2\/pages\/563\/revisions\/579"}],"wp:attachment":[{"href":"https:\/\/campingletrevezel.com\/index.php\/wp-json\/wp\/v2\/media?parent=563"}],"curies":[{"name":"wp","href":"https:\/\/api.w.org\/{rel}","templated":true}]}}