{"id":435,"date":"2025-03-14T15:56:16","date_gmt":"2025-03-14T14:56:16","guid":{"rendered":"https:\/\/campingletrevezel.com\/?page_id=435"},"modified":"2025-03-14T16:16:27","modified_gmt":"2025-03-14T15:16:27","slug":"activites","status":"publish","type":"page","link":"https:\/\/campingletrevezel.com\/index.php\/activites\/","title":{"rendered":"Activit\u00e9s"},"content":{"rendered":"\n<h2 class=\"wp-block-heading\">Plan d&rsquo;eau de Tr\u00e8ves<\/h2>\n\n\n\n<p><\/p>\n\n\n\n<p>Venez vous d\u00e9tendre au bord de cette magnifique retenue d&rsquo;eau au c\u0153ur du village de Tr\u00e8ves.<br>Lieu propice \u00e0 la baignade (non surveill\u00e9e), les pique-niques, et la d\u00e9tente.<\/p>\n\n\n\n<p>Le village est travers\u00e9 par le Tr\u00e8vezel offrant la possibilit\u00e9 de baignade et aussi de p\u00eache \u00e0 la truite.<\/p>\n\n\n\n<div style=\"height:30px\" aria-hidden=\"true\" class=\"wp-block-spacer\"><\/div>\n\n\n\n<h2 class=\"wp-block-heading\">Sports<\/h2>\n\n\n\n<p><\/p>\n\n\n\n<p>Un terrains de tennis et un terrain de foot sont mis \u00e0 disposition.<\/p>\n\n\n\n<div style=\"height:30px\" aria-hidden=\"true\" class=\"wp-block-spacer\"><\/div>\n\n\n\n<h2 class=\"wp-block-heading\">Randonn\u00e9es<\/h2>\n\n\n\n<p><\/p>\n\n\n\n<p>Au d\u00e9part de Tr\u00e8ves, de nombreuses randonn\u00e9es:<\/p>\n\n\n\n<p><a href=\"https:\/\/www.sudcevennes.com\/activites\/sites-visites\/6081693_sentier-de-canayere\/\">https:\/\/www.sudcevennes.com\/activites\/sites-visites\/6081693_sentier-de-canayere\/<\/a><\/p>\n\n\n\n<p><a href=\"https:\/\/www.sudcevennes.com\/activites\/sites-visites\/6081715_sentier-dinterpretation-le-causse-de-canayere\/\">https:\/\/www.sudcevennes.com\/activites\/sites-visites\/6081715_sentier-dinterpretation-le-causse-de-canayere\/<\/a><\/p>\n\n\n\n<p><\/p>\n\n\n\n<p>Dans les C\u00e9vennes, il est possible de profiter des paysages, \u00e0 pieds, \u00e0 v\u00e9lo, \u00e0 cheval ou avec un \u00e2ne:<\/p>\n\n\n\n<p><a href=\"https:\/\/www.sudcevennes.com\/cevennes\/randonner-cevennes\/\">https:\/\/www.sudcevennes.com\/cevennes\/randonner-cevennes\/<\/a><\/p>\n\n\n\n<div style=\"height:30px\" aria-hidden=\"true\" class=\"wp-block-spacer\"><\/div>\n\n\n\n<h2 class=\"wp-block-heading\">A la rencontre des animaux<\/h2>\n\n\n\n<p><\/p>\n\n\n\n<p>A seulement 15 minutes, un \u00e9levage de bisons vous transportera au Far West. Visite en cal\u00e8che et ferme-auberge\u00a0: Randal Bisons\u00a0<\/p>\n\n\n\n<p><a href=\"https:\/\/www.randals-bison.com\/\">https:\/\/www.randals-bison.com\/<\/a><\/p>\n\n\n\n<p><\/p>\n\n\n\n<p>La Maison des Vautours (45 min)<\/p>\n\n\n\n<p>Tr\u00e8s souvent observable depuis Tr\u00e8ves, le Vautour fauve fait partie int\u00e9grante des paysages des Causses et des activit\u00e9s agropastorales. Pour en apprendre plus sur les vautours, un site exceptionnel leur est d\u00e9di\u00e9 dans les Gorges de la Jonte.<\/p>\n\n\n\n<p><a href=\"https:\/\/www.maisondesvautours.fr\/\">https:\/\/www.maisondesvautours.fr\/<\/a><\/p>\n\n\n\n<p><\/p>\n\n\n\n<p>Le Mont Aigoual\u00a0(35 min)<\/p>\n\n\n\n<p>Le plus haut sommet des C\u00e9vennes gardoises, avec une vue \u00e0 360\u00b0, un restaurant et un observatoire\u00a0: le Climatographe<\/p>\n\n\n\n<p><a href=\"https:\/\/www.sudcevennes.com\/cevennes\/sud-cevennes\/mont-aigoual\/manger-laigoual\/6013582_restaurant-de-lobservatoire\/\">https:\/\/www.sudcevennes.com\/cevennes\/sud-cevennes\/mont-aigoual\/manger-laigoual\/6013582_restaurant-de-lobservatoire\/<\/a><\/p>\n\n\n\n<p><a href=\"https:\/\/climatographe.fr\/\">https:\/\/climatographe.fr\/<\/a><\/p>\n\n\n\n<p><\/p>\n\n\n\n<p>La Cit\u00e9 de pierres&nbsp;: Montpellier le vieux (40 min)<\/p>\n\n\n\n<p>Ce parc g\u00e9ologique de 120ha est un d\u00e9dale de rocs calcaires sculpt\u00e9s naturellement par l\u2019\u00e9rosion. Pour tous niveaux&nbsp;: balade, petit train ou via ferrata.<\/p>\n\n\n\n<p><a href=\"https:\/\/lacitedepierres.com\">https:\/\/lacitedepierres.com<\/a><\/p>\n\n\n\n<div style=\"height:30px\" aria-hidden=\"true\" class=\"wp-block-spacer\"><\/div>\n\n\n\n<h2 class=\"wp-block-heading\">Voyage sous terre<\/h2>\n\n\n\n<p><\/p>\n\n\n\n<p>Grottes de Dargilan (25 min) <\/p>\n\n\n\n<p>Surnomm\u00e9e\u00a0:\u00a0\u00ab\u00a0la grotte rose du Causse noir\u00a0\u00bb<\/p>\n\n\n\n<p><a href=\"https:\/\/www.grotte-dargilan-48.com\/\">https:\/\/www.grotte-dargilan-48.com\/<\/a><\/p>\n\n\n\n<p><\/p>\n\n\n\n<p>l\u2019Ab\u00eeme de Bramabiau (25min)<\/p>\n\n\n\n<p>A la d\u00e9couverte de la \u00ab\u00a0Rivi\u00e8re souterraine\u00a0\u00bb<\/p>\n\n\n\n<p><a href=\"https:\/\/www.abime-de-bramabiau.com\/\">https:\/\/www.abime-de-bramabiau.com\/<\/a><\/p>\n\n\n\n<p><\/p>\n\n\n\n<p>L\u2019Aven Armand (35 min)<\/p>\n\n\n\n<p>Une cavit\u00e9 impressionnante<\/p>\n\n\n\n<p><a href=\"https:\/\/avenarmand.com\/\">https:\/\/avenarmand.com\/<\/a><\/p>\n\n\n\n<p><\/p>\n","protected":false},"excerpt":{"rendered":"<p>Plan d&rsquo;eau de Tr\u00e8ves Venez vous d\u00e9tendre au bord de cette magnifique retenue d&rsquo;eau au c\u0153ur du village de Tr\u00e8ves.Lieu propice \u00e0 la baignade (non surveill\u00e9e), les pique-niques, et la d\u00e9tente. Le village est travers\u00e9 par le Tr\u00e8vezel offrant la possibilit\u00e9 de baignade et aussi de p\u00eache \u00e0 la truite. Sports Un terrains de tennis &hellip; <\/p>\n<p class=\"link-more\"><a href=\"https:\/\/campingletrevezel.com\/index.php\/activites\/\" class=\"more-link\">Continue reading<span class=\"screen-reader-text\"> \u00ab\u00a0Activit\u00e9s\u00a0\u00bb<\/span><\/a><\/p>\n","protected":false},"author":1,"featured_media":0,"parent":0,"menu_order":0,"comment_status":"closed","ping_status":"closed","template":"","meta":{"_regular_price":[],"currency_symbol":[],"footnotes":""},"class_list":["post-435","page","type-page","status-publish","hentry"],"post_slider_layout_featured_media_urls":{"thumbnail":"","post_slider_layout_landscape_large":"","post_slider_layout_portrait_large":"","post_slider_layout_square_large":"","post_slider_layout_landscape":"","post_slider_layout_portrait":"","post_slider_layout_square":"","full":""},"yoast_head":"<!-- This site is optimized with the Yoast SEO plugin v27.3 - https:\/\/yoast.com\/product\/yoast-seo-wordpress\/ -->\n<title>Activit\u00e9s -<\/title>\n<meta name=\"robots\" content=\"index, follow, max-snippet:-1, max-image-preview:large, max-video-preview:-1\" \/>\n<link rel=\"canonical\" href=\"https:\/\/campingletrevezel.com\/index.php\/activites\/\" \/>\n<meta property=\"og:locale\" content=\"fr_FR\" \/>\n<meta property=\"og:type\" content=\"article\" \/>\n<meta property=\"og:title\" content=\"Activit\u00e9s -\" \/>\n<meta property=\"og:description\" content=\"Plan d&rsquo;eau de Tr\u00e8ves Venez vous d\u00e9tendre au bord de cette magnifique retenue d&rsquo;eau au c\u0153ur du village de Tr\u00e8ves.Lieu propice \u00e0 la baignade (non surveill\u00e9e), les pique-niques, et la d\u00e9tente. Le village est travers\u00e9 par le Tr\u00e8vezel offrant la possibilit\u00e9 de baignade et aussi de p\u00eache \u00e0 la truite. Sports Un terrains de tennis &hellip; Continue reading &quot;Activit\u00e9s&quot;\" \/>\n<meta property=\"og:url\" content=\"https:\/\/campingletrevezel.com\/index.php\/activites\/\" \/>\n<meta property=\"article:publisher\" content=\"https:\/\/www.facebook.com\/CampingLeTrevezel\/\" \/>\n<meta property=\"article:modified_time\" content=\"2025-03-14T15:16:27+00:00\" \/>\n<meta name=\"twitter:card\" content=\"summary_large_image\" \/>\n<meta name=\"twitter:label1\" content=\"Dur\u00e9e de lecture estim\u00e9e\" \/>\n\t<meta name=\"twitter:data1\" content=\"2 minutes\" \/>\n<script type=\"application\/ld+json\" class=\"yoast-schema-graph\">{\"@context\":\"https:\\\/\\\/schema.org\",\"@graph\":[{\"@type\":\"WebPage\",\"@id\":\"https:\\\/\\\/campingletrevezel.com\\\/index.php\\\/activites\\\/\",\"url\":\"https:\\\/\\\/campingletrevezel.com\\\/index.php\\\/activites\\\/\",\"name\":\"Activit\u00e9s -\",\"isPartOf\":{\"@id\":\"https:\\\/\\\/campingletrevezel.com\\\/#website\"},\"datePublished\":\"2025-03-14T14:56:16+00:00\",\"dateModified\":\"2025-03-14T15:16:27+00:00\",\"breadcrumb\":{\"@id\":\"https:\\\/\\\/campingletrevezel.com\\\/index.php\\\/activites\\\/#breadcrumb\"},\"inLanguage\":\"fr-FR\",\"potentialAction\":[{\"@type\":\"ReadAction\",\"target\":[\"https:\\\/\\\/campingletrevezel.com\\\/index.php\\\/activites\\\/\"]}]},{\"@type\":\"BreadcrumbList\",\"@id\":\"https:\\\/\\\/campingletrevezel.com\\\/index.php\\\/activites\\\/#breadcrumb\",\"itemListElement\":[{\"@type\":\"ListItem\",\"position\":1,\"name\":\"Accueil\",\"item\":\"https:\\\/\\\/campingletrevezel.com\\\/\"},{\"@type\":\"ListItem\",\"position\":2,\"name\":\"Activit\u00e9s\"}]},{\"@type\":\"WebSite\",\"@id\":\"https:\\\/\\\/campingletrevezel.com\\\/#website\",\"url\":\"https:\\\/\\\/campingletrevezel.com\\\/\",\"name\":\"Camping le Tr\u00e8vezel\",\"description\":\"\",\"publisher\":{\"@id\":\"https:\\\/\\\/campingletrevezel.com\\\/#organization\"},\"potentialAction\":[{\"@type\":\"SearchAction\",\"target\":{\"@type\":\"EntryPoint\",\"urlTemplate\":\"https:\\\/\\\/campingletrevezel.com\\\/?s={search_term_string}\"},\"query-input\":{\"@type\":\"PropertyValueSpecification\",\"valueRequired\":true,\"valueName\":\"search_term_string\"}}],\"inLanguage\":\"fr-FR\"},{\"@type\":\"Organization\",\"@id\":\"https:\\\/\\\/campingletrevezel.com\\\/#organization\",\"name\":\"Camping le Tr\u00e8vezel\",\"url\":\"https:\\\/\\\/campingletrevezel.com\\\/\",\"logo\":{\"@type\":\"ImageObject\",\"inLanguage\":\"fr-FR\",\"@id\":\"https:\\\/\\\/campingletrevezel.com\\\/#\\\/schema\\\/logo\\\/image\\\/\",\"url\":\"https:\\\/\\\/campingletrevezel.com\\\/wp-content\\\/uploads\\\/2025\\\/03\\\/cropped-Logo-camping-le-trevezel2.png\",\"contentUrl\":\"https:\\\/\\\/campingletrevezel.com\\\/wp-content\\\/uploads\\\/2025\\\/03\\\/cropped-Logo-camping-le-trevezel2.png\",\"width\":240,\"height\":61,\"caption\":\"Camping le Tr\u00e8vezel\"},\"image\":{\"@id\":\"https:\\\/\\\/campingletrevezel.com\\\/#\\\/schema\\\/logo\\\/image\\\/\"},\"sameAs\":[\"https:\\\/\\\/www.facebook.com\\\/CampingLeTrevezel\\\/\"]}]}<\/script>\n<!-- \/ Yoast SEO plugin. -->","yoast_head_json":{"title":"Activit\u00e9s -","robots":{"index":"index","follow":"follow","max-snippet":"max-snippet:-1","max-image-preview":"max-image-preview:large","max-video-preview":"max-video-preview:-1"},"canonical":"https:\/\/campingletrevezel.com\/index.php\/activites\/","og_locale":"fr_FR","og_type":"article","og_title":"Activit\u00e9s -","og_description":"Plan d&rsquo;eau de Tr\u00e8ves Venez vous d\u00e9tendre au bord de cette magnifique retenue d&rsquo;eau au c\u0153ur du village de Tr\u00e8ves.Lieu propice \u00e0 la baignade (non surveill\u00e9e), les pique-niques, et la d\u00e9tente. Le village est travers\u00e9 par le Tr\u00e8vezel offrant la possibilit\u00e9 de baignade et aussi de p\u00eache \u00e0 la truite. Sports Un terrains de tennis &hellip; Continue reading \"Activit\u00e9s\"","og_url":"https:\/\/campingletrevezel.com\/index.php\/activites\/","article_publisher":"https:\/\/www.facebook.com\/CampingLeTrevezel\/","article_modified_time":"2025-03-14T15:16:27+00:00","twitter_card":"summary_large_image","twitter_misc":{"Dur\u00e9e de lecture estim\u00e9e":"2 minutes"},"schema":{"@context":"https:\/\/schema.org","@graph":[{"@type":"WebPage","@id":"https:\/\/campingletrevezel.com\/index.php\/activites\/","url":"https:\/\/campingletrevezel.com\/index.php\/activites\/","name":"Activit\u00e9s -","isPartOf":{"@id":"https:\/\/campingletrevezel.com\/#website"},"datePublished":"2025-03-14T14:56:16+00:00","dateModified":"2025-03-14T15:16:27+00:00","breadcrumb":{"@id":"https:\/\/campingletrevezel.com\/index.php\/activites\/#breadcrumb"},"inLanguage":"fr-FR","potentialAction":[{"@type":"ReadAction","target":["https:\/\/campingletrevezel.com\/index.php\/activites\/"]}]},{"@type":"BreadcrumbList","@id":"https:\/\/campingletrevezel.com\/index.php\/activites\/#breadcrumb","itemListElement":[{"@type":"ListItem","position":1,"name":"Accueil","item":"https:\/\/campingletrevezel.com\/"},{"@type":"ListItem","position":2,"name":"Activit\u00e9s"}]},{"@type":"WebSite","@id":"https:\/\/campingletrevezel.com\/#website","url":"https:\/\/campingletrevezel.com\/","name":"Camping le Tr\u00e8vezel","description":"","publisher":{"@id":"https:\/\/campingletrevezel.com\/#organization"},"potentialAction":[{"@type":"SearchAction","target":{"@type":"EntryPoint","urlTemplate":"https:\/\/campingletrevezel.com\/?s={search_term_string}"},"query-input":{"@type":"PropertyValueSpecification","valueRequired":true,"valueName":"search_term_string"}}],"inLanguage":"fr-FR"},{"@type":"Organization","@id":"https:\/\/campingletrevezel.com\/#organization","name":"Camping le Tr\u00e8vezel","url":"https:\/\/campingletrevezel.com\/","logo":{"@type":"ImageObject","inLanguage":"fr-FR","@id":"https:\/\/campingletrevezel.com\/#\/schema\/logo\/image\/","url":"https:\/\/campingletrevezel.com\/wp-content\/uploads\/2025\/03\/cropped-Logo-camping-le-trevezel2.png","contentUrl":"https:\/\/campingletrevezel.com\/wp-content\/uploads\/2025\/03\/cropped-Logo-camping-le-trevezel2.png","width":240,"height":61,"caption":"Camping le Tr\u00e8vezel"},"image":{"@id":"https:\/\/campingletrevezel.com\/#\/schema\/logo\/image\/"},"sameAs":["https:\/\/www.facebook.com\/CampingLeTrevezel\/"]}]}},"_links":{"self":[{"href":"https:\/\/campingletrevezel.com\/index.php\/wp-json\/wp\/v2\/pages\/435","targetHints":{"allow":["GET"]}}],"collection":[{"href":"https:\/\/campingletrevezel.com\/index.php\/wp-json\/wp\/v2\/pages"}],"about":[{"href":"https:\/\/campingletrevezel.com\/index.php\/wp-json\/wp\/v2\/types\/page"}],"author":[{"embeddable":true,"href":"https:\/\/campingletrevezel.com\/index.php\/wp-json\/wp\/v2\/users\/1"}],"replies":[{"embeddable":true,"href":"https:\/\/campingletrevezel.com\/index.php\/wp-json\/wp\/v2\/comments?post=435"}],"version-history":[{"count":7,"href":"https:\/\/campingletrevezel.com\/index.php\/wp-json\/wp\/v2\/pages\/435\/revisions"}],"predecessor-version":[{"id":447,"href":"https:\/\/campingletrevezel.com\/index.php\/wp-json\/wp\/v2\/pages\/435\/revisions\/447"}],"wp:attachment":[{"href":"https:\/\/campingletrevezel.com\/index.php\/wp-json\/wp\/v2\/media?parent=435"}],"curies":[{"name":"wp","href":"https:\/\/api.w.org\/{rel}","templated":true}]}}